{"id":19,"date":"2020-09-27T19:08:53","date_gmt":"2020-09-27T19:08:53","guid":{"rendered":"http:\/\/fvalemannia08nied.de\/?page_id=19"},"modified":"2020-09-27T19:09:07","modified_gmt":"2020-09-27T19:09:07","slug":"uber-uns","status":"publish","type":"page","link":"https:\/\/fvalemannia08nied.de\/?page_id=19","title":{"rendered":"\u00dcber uns"},"content":{"rendered":"\n<p>Am 05. Mai 1908 wurde der Fu\u00dfballverein Alemannia 08 von einigen jungen M\u00e4nnern der Jahrg\u00e4nge 1891 \u2013 1894 zu einer Zeit gegr\u00fcndet, in der wenig Interesse an Fu\u00dfball bestand. Die Gr\u00fcnder waren: Joseph Christ, Julius Eckart, Heinrich Gasser, Karl H\u00f6rmann, Julius Kortes, Heinrich Nagel, Georg Stephan und Heinrich Waller.<\/p>\n\n\n\n<p>Die Leitung \u00fcbernahm von 1908 \u2013 1911 Julius Kortes. Als Sportgel\u00e4nde diente der Juxplatz, der jedoch zu klein war. Als 1911 Julius Eckart die Vereinsleitung \u00fcbernahm, trat Alemannia 08 dem S\u00fcddeutschen Fu\u00dfballverband bei. 1912&nbsp; wurde am Ende der R\u00f6merstra\u00dfe, im heutigen Ziegelfeld ein gr\u00f6\u00dferer Sportplatz angelegt und somit in den Spielbetrieb investiert. Es entdeckten immer mehr Jugendliche ihr Interesse am Fu\u00dfball. Alemannia 08 spielte damals in der B-Klasse.<\/p>\n\n\n\n<p>1914 rei\u00dft der 1. Weltkrieg empfindliche L\u00fccken in die Reihen der Spieler und der Spielbetrieb kommt zum Erliegen.<\/p>\n\n\n\n<p>1916 bringt Heinrich Waller den Spielbetrieb mit Verbands- und Freundschaftsspielen wieder in Gang, bis 1918 die Jahrg\u00e4nge 1898 \u2013 1900 einberufen werden und der Spielbetrieb wieder zum Erliegen kommt. Im 1. Weltkrieg kehren leider viele treue Mitglieder und Anh\u00e4nger des Vereins nicht mehr aus dem Krieg zur\u00fcck und auch der Sportplatz geht verloren.<\/p>\n\n\n\n<p>Doch am 23. November 1918 wird zusammen mit dem 1911 gegr\u00fcndeten Sportverein der Fu\u00dfballverein Alemannia 1908 Nied am Main aus der Taufe gehoben und unter den Vorsitz von Julius Eckart gestellt.<\/p>\n\n\n\n<p>1919 entsteht nach vielen Schwierigkeiten der Sportplatz an der Eisenbahnwerkstatt. Auf diesem Sportplatz findet auch heute noch der gesamte Spielbetrieb statt. Der wachsende Verein erringt die Gaumeisterschaft Rhein-Hessen-Saar.<\/p>\n\n\n\n<p>1921 trennt sich der Sportverein 1911 vom Fu\u00dfballverein Alemannia 1908 und eine damalig f\u00fchrende Sportzeitung vergleicht die spielerische Qualit\u00e4t der Alemannen mit den ersten s\u00fcddeutschen Spitzenvereinen.<\/p>\n\n\n\n<p>In der Saison 1925\/26 gelingt der 1. Mannschaft der Aufstieg in die zweith\u00f6chste Fu\u00dfballklasse, der damaligen 1. Kreisklasse und sie gewinnen den Kreispokal. Zum 20-j\u00e4hrigen Jubil\u00e4um 1928 wird das selbst gebaute Klubhaus eingeweiht. Bis zum 25-j\u00e4hrigen Jubil\u00e4um 1933 werden durch intensive Arbeit mit namhaften Trainern die Meisterschaft und der Aufstieg in die Bezirksliga geschafft. Dort spielt die Alemannia 1939 weiter.<br><\/p>\n\n\n\n<p>Nachdem der 2. Weltkrieg den Spielbetrieb fast wieder zum Erliegen gebracht hat, wird in der Saison 1942\/43 wieder eine Meisterschaft errungen. In der Sportgemeinschaft Nied schlossen sich nach dem Krieg alle Sportvereine zusammen. Ende 1949 wird die Fu\u00dfballabteilung wieder aus der Sportgemeinschaft Nied herausgel\u00f6st, nachdem das viele Stimmen forderten.<\/p>\n\n\n\n<p>Somit wurde am 01. Januar 1950 die Alemannia 08 unter Vorsitz von Otto Kahl neu gegr\u00fcndet. Trotz steigender Mitgliedszahlen werden die spielerischen Erfolge seltener. 1952 muss der Verein in die B-Klasse absteigen, steigt aber im darauffolgenden Jahr schon wieder in die A-Klasse auf. Der Sportplatz wird in dieser Zeit unerm\u00fcdlich verbessert und versch\u00f6nert. Trotz dem Erringen der Meisterschaft in der A-Klasse verliert die 1. Mannschaft ihr Selbstvertrauen und schafft den Aufstieg nicht. Zeitweise gibt es zwischen 7 und 8 Mannschaften, von Sch\u00fclern bis zu den \u201eAlten Herren\u201c, die Samstags und Sonntags Fu\u00dfball spielen. Die A-Jugend erringt 1958 den Titel der Kreismeisters. Dr. Heinrich Heirich \u00fcbernimmt den Platz des aus gesundheitlichen Gr\u00fcnden zur\u00fcckgetretenen Vorsitzenden Otto Kahl und schafft grundlegende Ver\u00e4nderungen in der Vereinssatzung.<\/p>\n\n\n\n<p>In der Saison 1962\/63 gelingt der 1. Mannschaft mit Trainer Rudi Meier die Meisterschaft in der A-Klasse und der Aufstieg in die 2. Amateurliga. 1964 muss Alemannia 08 wieder in die A-Klasse absteigen, werden aber aufgrund ihres guten Tabellenplatzes 1965 bei der Neugliederung des Spielsystems in Hessen in die Bezirksliga Wiesbaden eingestuft.<\/p>\n\n\n\n<p>In der Saison 1965\/66 wird Trainer Rudi Meier von Franz B\u00e4nisch abgel\u00f6st und die 1. Mannschaft steht wieder an der Spitze. Der 1965 zur\u00fcckgetretene Dr. Heinrich Heirich wird durch Karl No\u00df ersetzt, bleibt dem Verein aber als 2. Vorsitzender erhalten, bis er 1968 erneut zum 1. Vorsitzenden gew\u00e4hlt wird. 1966 wird Erwin Kerkmann als Trainer verpflichtet und f\u00fchrt die 1. Mannschaft zur Vizemeisterschaft. 1968 stehen die 1. Mannschaft und die Reserve ununterbrochen auf dem 1. Tabellenplatz. Die ersehnte Meisterschaft im Jubil\u00e4umsjahr wird erst an den letzten beiden Spieltagen entschieden. Alemannia 08 Nied ist Meister der Bezirksklasse und schafft den Aufstieg in die Gruppenliga-S\u00fcd. Alemannia 08 muss im selben Jahr jedoch wieder aus der Gruppenliga absteigen und spielt bis zur Saison 1973\/74 wieder in der Bezirksliga Wiesbaden.<\/p>\n\n\n\n<p>In der Saison 1973\/74 steigt Alemannia 08 Nied wieder in die A-Klasse ab, da versierte Spieler fehlen, A-Jugendspieler eingesetzt werden m\u00fcssen und Trainer wechseln. 1970 hat Herbert Diefenbach den Vorsitz von Alemannia 08&nbsp; Nied \u00fcbernommen.<\/p>\n\n\n\n<p>Mit gro\u00dfen Opfern einzelner Mitglieder wird das Vereinsheim vollst\u00e4ndig in Eigenregie umgebaut, da der Sportplatz in schlechtem Zustand ist und die Stadt Frankfurt ihn nicht unter ihre Verwaltung nimmt. Durch den Umbau und die Verbesserungen des Vereinsheimes erh\u00f6ht sich das Vereinsverm\u00f6gen und das Vereinsleben intensiviert sich durch Turniere, Faschingsveranstaltungen, Sommerfeste und Weihnachtsfeiern, die mit Hilfe vieler Vereinsmitglieder und deren Frauen im Vereinsheim ausgerichtet werden.<\/p>\n\n\n\n<p>1976 \u2013 1983 kann die Jugendabteilung schon Erfolge erringen. Die A-Jugend wird Meister, ebenfalls die C-Jugend, die noch dazu eine Pokalmeisterschaft erringen kann. Die D-Jugend wird 1982 Meister in der Feldrunde und Vizemeister in der Hallenrunde. Der langj\u00e4hrige 1. Kassierer G\u00fcnter Weichel wird 1976 1. Vorsitzender, nachdem Herbert Diefenbach sein Amt aus gesundheitlichen Gr\u00fcnden niedergelegt hat. G\u00fcnter Weichel schafft es nach langem Ringen mit der Stadt Frankfurt, dass der Sportplatz zu einem Hartplatz umgebaut wird und eine Flutlichtanlage eingeplant wird, die durch Spenden treuer Vereinsmitglieder 1982 fertig gestellt wird.<\/p>\n\n\n\n<p>1985 \u00fcbernimmt Ute Weber, die sowohl im Verein, als auch auf Verbandsebene im Jugendbereich t\u00e4tig war, das Amt der 1. Vorsitzenden von G\u00fcnter Weichel und Manfred Sonntag \u00fcbernimmt das Amt des 2. Vorsitzenden. W\u00e4hrenddessen spielte die 1. Mannschaft in der A-Klasse, die Jugendabteilung bestand aus der A bis zur E-Jugend und die \u201eAlten Herren\u201c spielten in der SoMa-Runde.<\/p>\n\n\n\n<p>In der Saison 1986\/87 mussten die 1. und die 2. Mannschaft mit dem Abstieg in die B-Klasse, leider die A-Klasse wieder verlassen. Auf der Jahreshauptversammlung 1987 wurde Manfred Sonntag zum 1. Vorsitzenden und Wolfgang Frietzche zum 2. Vorsitzenden gew\u00e4hlt.<\/p>\n\n\n\n<p>In der Saison 1987\/88 schaffte die 1. Mannschaft den sofortigen Aufstieg in die A-Klasse (heutige Bezirksliga).<\/p>\n\n\n\n<p>In der Saison 1988\/89 war der H\u00f6hepunkt der Aufstieg in die Bezirksoberliga. Im entscheidenden Spiel um den Aufstieg am 21. Mai 1989 wurde der DJK Zeilsheim nach Verl\u00e4ngerung vor 1.500 Zuschauern mit 3:2 bezwungen. Dies war im Wesentlichen der Verdienst des Trainers Klaus Nilges. Dieser war als langj\u00e4hriger Aktiver in der Hessenliga unterwegs. Der Aufstieg 1988\/89 war jedoch mit erheblichen Kosten verbunden, da es nur 4 Heimatvereine als Gegner waren und somit gr\u00f6\u00dfere Fahrten zu den Ausw\u00e4rtsspielen (z.B. Westerwald u.a.) n\u00f6tig waren. Dies war unter anderem auch der wesentliche Grund, dass die Alemannia 08 Nied nach 2 Jahren wieder in die Bezirksliga abstieg.<\/p>\n\n\n\n<p>Trotz der sportlichen Erfolge, auch in der Jugend, blieben das mittlerweile nicht mehr zeitgem\u00e4\u00dfe Vereinsheim und der Hart-\/Tennenplatz, der aufgrund unzureichender Bew\u00e4sserungsanlage oft als Notstandsgebiet oder Staubw\u00fcste bezeichnet wurde, das Sorgenkind. Die Stadt Frankfurt erteilte, nach z\u00e4hen Verhandlungen mit den Vorstandsmitgliedern Sonntag und Frietzche sen., die Zusage f\u00fcr den Neubau des Vereinsheimes. \u00d6rtliche Politiker, der Vereinsring Nied, der Gewerbeverein Nied u.a. unterst\u00fctzten die Alemannia 08 Nied in ihren Bem\u00fchungen. Somit konnte der Grundstein f\u00fcr das neue Funktionsgeb\u00e4ude im Oktober 1992 gelegt werden und im Mai 1994 an die Alemannen \u00fcbergeben werden. Danach wurde mit dem Abbruch der bisherigen Baulichkeiten begonnen. Herr Frietzche war als Mann vom Fach in dieser Zeit eine gro\u00dfe Unterst\u00fctzung f\u00fcr den zust\u00e4ndigen Architekten.<\/p>\n\n\n\n<p>In den Saisons 1991\/92 bis 1997\/98 spielten die aktiven Mannschaften der Alemannia 08 Nied mit wechselndem Erfolg in der Bezirksliga, bis sie Ende der Saison 1997\/98 in die A-Klasse abstiegen, der sie bis zum Saisonende 2001\/2002 angeh\u00f6rten.<\/p>\n\n\n\n<p>In der Saison 2003\/2004 wurde mit Trainer Michael Fischer die Meisterschaft mit der 1. Mannschaft und die R\u00fcckkehr in die Bezirksliga gefeiert. In der Relegation 2005 verpassten die Alemannen den Aufstieg in die Bezirksoberliga. Ende der Saison 2006\/2007 stieg die Alemannia 08 Nied nach dem Weggang zahlreicher aktiver Spieler und des Trainers Michael Fischer wieder in die A-Klasse ab.<\/p>\n\n\n\n<p>In der Saison 2007\/2008 nahmen 8 Mannschaften, von den Bambinis bis zur B-Jugend und einer B-M\u00e4dchen-Mannschaft am Spielbetrieb teil. In der besonders die Erfolge der C1-Jugend und der neu gegr\u00fcndeten B-Jugend hervor zu heben sind.<\/p>\n\n\n\n<p>In der Saison 2016\/2017 nehmen 8 Mannschaften von der G-Jugend (Bambinis) bis zu den E-Junioren, eine 1. und 2. Mannschaft am Spielbetrieb teil. Die 2. Mannschaft ist aktuell Herbstmeister der Kreisliga C Main-Taunus. Die 1. Mannschaft spielt in der Kreisoberliga. Die E1-Junioren befinden sich aktuell auf dem 1. Tabellenplatz in der Kreisklasse Gruppe 2.<\/p>\n\n\n\n<p>Trotz der sportlichen Hochs und Tiefs lie\u00dfen und lassen sich die Verantwortlichen nicht entmutigen. Der sportliche Erfolg kann nicht herbei gezaubert werden, sondern ist Engagement ehrenamtlicher Personen, von den finanziellen M\u00f6glichkeiten und einer guten Jugendarbeit abh\u00e4ngig.<\/p>\n\n\n\n<p>Im Jahr 2014 wurde das Sportgel\u00e4nde des FV Alemannia 08 Nied e.V. zum 2. Besten Sportgel\u00e4nder mit nur einem Kunstrasenspielfeld ausgezeichnet.<\/p>\n\n\n\n<p>Die wesentlichen Verantwortlichen in der Vereinsf\u00fchrung des FV Alemannia 08 Nied e.V. waren in den vorgenannten Jahren:<\/p>\n\n\n\n<p>1994-1999 Wolfgang Frietzche sen. 1. Vorsitzender, Herbert Gath 2. Vorsitzender<br>1999-2003 Gerhard Petschik 1. Vorsitzender, Thomas Wendt 2. Vorsitzender, Rainer R\u00f6lke 2. Vorsitzender<br>2003-2007 Harald M\u00fcller 1. Vorsitzender, Thomas Wendt 2. Vorsitzender, Michael Hainbach 2. Vorsitzender<br>2007-2008 Michael Hainbach 1. Vorsitzender, Hans-J\u00fcrgen Simon 2. Vorsitzender, Frank Kleppich 2. Vorsitzender<br>2008-2015 J\u00f6rg H\u00f6ntsch 1. Vorsitzender, Frank Kleppich 2. Vorsitzender<br>2015-dato Peter Frey 1. Vorsitzender, Klaus Kn\u00e4be 2. Vorsitzender<\/p>\n","protected":false},"excerpt":{"rendered":"<p>Am 05. Mai 1908 wurde der Fu\u00dfballverein Alemannia 08 von einigen jungen M\u00e4nnern der Jahrg\u00e4nge 1891 \u2013 1894 zu einer Zeit gegr\u00fcndet, in der wenig Interesse an Fu\u00dfball bestand. Die Gr\u00fcnder waren: Joseph Christ, Julius Eckart, Heinrich Gasser, Karl H\u00f6rmann, Julius Kortes, Heinrich Nagel, Georg Stephan und Heinrich Waller. Die Leitung \u00fcbernahm von 1908 \u2013 [&hellip;]<\/p>\n","protected":false},"author":1,"featured_media":0,"parent":0,"menu_order":0,"comment_status":"closed","ping_status":"closed","template":"","meta":{"footnotes":""},"_links":{"self":[{"href":"https:\/\/fvalemannia08nied.de\/index.php?rest_route=\/wp\/v2\/pages\/19"}],"collection":[{"href":"https:\/\/fvalemannia08nied.de\/index.php?rest_route=\/wp\/v2\/pages"}],"about":[{"href":"https:\/\/fvalemannia08nied.de\/index.php?rest_route=\/wp\/v2\/types\/page"}],"author":[{"embeddable":true,"href":"https:\/\/fvalemannia08nied.de\/index.php?rest_route=\/wp\/v2\/users\/1"}],"replies":[{"embeddable":true,"href":"https:\/\/fvalemannia08nied.de\/index.php?rest_route=%2Fwp%2Fv2%2Fcomments&post=19"}],"version-history":[{"count":2,"href":"https:\/\/fvalemannia08nied.de\/index.php?rest_route=\/wp\/v2\/pages\/19\/revisions"}],"predecessor-version":[{"id":21,"href":"https:\/\/fvalemannia08nied.de\/index.php?rest_route=\/wp\/v2\/pages\/19\/revisions\/21"}],"wp:attachment":[{"href":"https:\/\/fvalemannia08nied.de\/index.php?rest_route=%2Fwp%2Fv2%2Fmedia&parent=19"}],"curies":[{"name":"wp","href":"https:\/\/api.w.org\/{rel}","templated":true}]}}