{"id":2,"date":"2020-09-27T18:38:53","date_gmt":"2020-09-27T18:38:53","guid":{"rendered":"http:\/\/fvalemannia08nied.de\/?page_id=2"},"modified":"2020-09-27T18:55:02","modified_gmt":"2020-09-27T18:55:02","slug":"sample-page","status":"publish","type":"page","link":"https:\/\/fvalemannia08nied.de\/?page_id=2","title":{"rendered":"Der Verein"},"content":{"rendered":"\n<p>Unser Fu\u00dfballverein Alemannia 08 Nied e.V. wurde am 05. Mai 1908 mit den Vereinsfarben Schwarz-Gelb-Wei\u00df gegr\u00fcndet. Die Gr\u00fcnder waren: Joseph Christ, Julius Eckart, Heinrich Gasser, Karl H\u00f6rmann, Julius Kortes, Heinrich Nagel, Georg Stephan und Heinrich Waller.<\/p>\n\n\n\n<p>Durch die Wirren des 1. Weltkrieges kam in den Jahren 1914 bis 1916 der Spielbetrieb fast komplett zum Erliegen. 1916 unternahm Heinrich Waller den Versuch den Spielbetrieb wieder in Gang zu bekommen, wurde aber 1918 wieder vom Krieg eingeholt. Es gelang im November 1918 wieder den Spielbetrieb auf zu bauen und einige Erfolge zu erringen.<\/p>\n\n\n\n<p>Der 2. Weltkrieg schnitt wieder merklich in den Spielbetrieb ein, aber er konnte aufrecht erhalten werden. Und seit 1939 findet wieder ein regelm\u00e4\u00dfiger Spielbetrieb statt.<\/p>\n\n\n\n<p>Aktuell nehmen 8 Mannschaften, von der G-Jugend (Bambinis) bis zu den E-Junioren, eine 1. und eine 2. Mannschaft am Spielbetrieb teil. Die 2. Mannschaft ist aktuell Herbstmeister der Kreisliga C Main-Taunus. Die 1. Mannschaft spielt in der Kreisoberliga Main-Taunus. Und die E1-Junioren befinden sich auf dem 1. Tabellenplatz der Kreisklasse Gruppe 2.<\/p>\n\n\n\n<p>Im Jahre 2014 wurde das Sportgel\u00e4nde des FV Alemannia 08 Nied e.V. als 2. Beste Sportgel\u00e4nde mit nur einem Kunstrasenspielfeld in Frankfurt ausgezeichnet.<\/p>\n","protected":false},"excerpt":{"rendered":"<p>Unser Fu\u00dfballverein Alemannia 08 Nied e.V. wurde am 05. Mai 1908 mit den Vereinsfarben Schwarz-Gelb-Wei\u00df gegr\u00fcndet. Die Gr\u00fcnder waren: Joseph Christ, Julius Eckart, Heinrich Gasser, Karl H\u00f6rmann, Julius Kortes, Heinrich Nagel, Georg Stephan und Heinrich Waller. Durch die Wirren des 1. Weltkrieges kam in den Jahren 1914 bis 1916 der Spielbetrieb fast komplett zum Erliegen. [&hellip;]<\/p>\n","protected":false},"author":1,"featured_media":0,"parent":0,"menu_order":0,"comment_status":"closed","ping_status":"open","template":"","meta":{"footnotes":""},"_links":{"self":[{"href":"https:\/\/fvalemannia08nied.de\/index.php?rest_route=\/wp\/v2\/pages\/2"}],"collection":[{"href":"https:\/\/fvalemannia08nied.de\/index.php?rest_route=\/wp\/v2\/pages"}],"about":[{"href":"https:\/\/fvalemannia08nied.de\/index.php?rest_route=\/wp\/v2\/types\/page"}],"author":[{"embeddable":true,"href":"https:\/\/fvalemannia08nied.de\/index.php?rest_route=\/wp\/v2\/users\/1"}],"replies":[{"embeddable":true,"href":"https:\/\/fvalemannia08nied.de\/index.php?rest_route=%2Fwp%2Fv2%2Fcomments&post=2"}],"version-history":[{"count":2,"href":"https:\/\/fvalemannia08nied.de\/index.php?rest_route=\/wp\/v2\/pages\/2\/revisions"}],"predecessor-version":[{"id":15,"href":"https:\/\/fvalemannia08nied.de\/index.php?rest_route=\/wp\/v2\/pages\/2\/revisions\/15"}],"wp:attachment":[{"href":"https:\/\/fvalemannia08nied.de\/index.php?rest_route=%2Fwp%2Fv2%2Fmedia&parent=2"}],"curies":[{"name":"wp","href":"https:\/\/api.w.org\/{rel}","templated":true}]}}