{"id":273,"date":"2020-12-20T20:25:51","date_gmt":"2020-12-20T19:25:51","guid":{"rendered":"http:\/\/fvalemannia08nied.de\/?page_id=273"},"modified":"2024-09-19T08:01:50","modified_gmt":"2024-09-19T07:01:50","slug":"der-vorstand","status":"publish","type":"page","link":"https:\/\/fvalemannia08nied.de\/?page_id=273","title":{"rendered":"Der Vorstand"},"content":{"rendered":"\n<div class=\"wp-block-columns is-layout-flex wp-container-core-columns-is-layout-1 wp-block-columns-is-layout-flex\">\n<div class=\"wp-block-column is-layout-flow wp-block-column-is-layout-flow\" style=\"flex-basis:50%\">\n<p><strong>1. Vorsitzender<\/strong><br>Dieter Eichhorn<\/p>\n<\/div>\n\n\n\n<div class=\"wp-block-column is-layout-flow wp-block-column-is-layout-flow\" style=\"flex-basis:50%\">\n<figure class=\"wp-block-image size-large is-resized\"><a href=\"https:\/\/fvalemannia08nied.de\/wp-content\/uploads\/2022\/06\/PXL_20220612_155823478-scaled-e1655123021733.jpg\"><img loading=\"lazy\" decoding=\"async\" width=\"755\" height=\"1024\" src=\"https:\/\/fvalemannia08nied.de\/wp-content\/uploads\/2022\/06\/PXL_20220612_155823478-scaled-e1655123021733-755x1024.jpg\" alt=\"\" class=\"wp-image-1402\" style=\"width:189px;height:256px\" srcset=\"https:\/\/fvalemannia08nied.de\/wp-content\/uploads\/2022\/06\/PXL_20220612_155823478-scaled-e1655123021733-755x1024.jpg 755w, https:\/\/fvalemannia08nied.de\/wp-content\/uploads\/2022\/06\/PXL_20220612_155823478-scaled-e1655123021733-221x300.jpg 221w, https:\/\/fvalemannia08nied.de\/wp-content\/uploads\/2022\/06\/PXL_20220612_155823478-scaled-e1655123021733-111x150.jpg 111w, https:\/\/fvalemannia08nied.de\/wp-content\/uploads\/2022\/06\/PXL_20220612_155823478-scaled-e1655123021733-768x1041.jpg 768w, https:\/\/fvalemannia08nied.de\/wp-content\/uploads\/2022\/06\/PXL_20220612_155823478-scaled-e1655123021733.jpg 1062w\" sizes=\"(max-width: 755px) 100vw, 755px\" \/><\/a><\/figure>\n<\/div>\n<\/div>\n\n\n\n<div class=\"wp-block-columns is-layout-flex wp-container-core-columns-is-layout-2 wp-block-columns-is-layout-flex\">\n<div class=\"wp-block-column is-layout-flow wp-block-column-is-layout-flow\" style=\"flex-basis:50%\">\n<p><strong>2. Vorsitzender<\/strong><br>Lutz Haas<\/p>\n<\/div>\n\n\n\n<div class=\"wp-block-column is-layout-flow wp-block-column-is-layout-flow\" style=\"flex-basis:50%\">\n<figure class=\"wp-block-image size-large is-resized\"><a href=\"https:\/\/fvalemannia08nied.de\/wp-content\/uploads\/2022\/06\/PXL_20220612_155826235-scaled-e1655123103853.jpg\"><img loading=\"lazy\" decoding=\"async\" width=\"670\" height=\"1024\" src=\"https:\/\/fvalemannia08nied.de\/wp-content\/uploads\/2022\/06\/PXL_20220612_155826235-scaled-e1655123103853-670x1024.jpg\" alt=\"\" class=\"wp-image-1403\" style=\"width:168px;height:256px\" srcset=\"https:\/\/fvalemannia08nied.de\/wp-content\/uploads\/2022\/06\/PXL_20220612_155826235-scaled-e1655123103853-670x1024.jpg 670w, https:\/\/fvalemannia08nied.de\/wp-content\/uploads\/2022\/06\/PXL_20220612_155826235-scaled-e1655123103853-196x300.jpg 196w, https:\/\/fvalemannia08nied.de\/wp-content\/uploads\/2022\/06\/PXL_20220612_155826235-scaled-e1655123103853-98x150.jpg 98w, https:\/\/fvalemannia08nied.de\/wp-content\/uploads\/2022\/06\/PXL_20220612_155826235-scaled-e1655123103853-768x1174.jpg 768w, https:\/\/fvalemannia08nied.de\/wp-content\/uploads\/2022\/06\/PXL_20220612_155826235-scaled-e1655123103853.jpg 921w\" sizes=\"(max-width: 670px) 100vw, 670px\" \/><\/a><\/figure>\n<\/div>\n<\/div>\n\n\n\n<div class=\"wp-block-group\"><div class=\"wp-block-group__inner-container is-layout-flow wp-block-group-is-layout-flow\">\n<div class=\"wp-block-columns is-layout-flex wp-container-core-columns-is-layout-4 wp-block-columns-is-layout-flex\">\n<div class=\"wp-block-column is-layout-flow wp-block-column-is-layout-flow\" style=\"flex-basis:100%\">\n<div class=\"wp-block-columns is-layout-flex wp-container-core-columns-is-layout-3 wp-block-columns-is-layout-flex\">\n<div class=\"wp-block-column is-layout-flow wp-block-column-is-layout-flow\" style=\"flex-basis:50%\">\n<p><strong>Gesch\u00e4ftsf\u00fchrer<\/strong><br>Peter Frey<\/p>\n<\/div>\n\n\n\n<div class=\"wp-block-column is-layout-flow wp-block-column-is-layout-flow\" style=\"flex-basis:50%\">\n<figure class=\"wp-block-image size-full is-resized\"><a href=\"https:\/\/fvalemannia08nied.de\/wp-content\/uploads\/2020\/12\/Peter-Frey-1.-Vorsitzender.jpg\"><img loading=\"lazy\" decoding=\"async\" width=\"640\" height=\"878\" src=\"https:\/\/fvalemannia08nied.de\/wp-content\/uploads\/2020\/12\/Peter-Frey-1.-Vorsitzender.jpg\" alt=\"\" class=\"wp-image-279\" style=\"width:185px;height:254px\" srcset=\"https:\/\/fvalemannia08nied.de\/wp-content\/uploads\/2020\/12\/Peter-Frey-1.-Vorsitzender.jpg 640w, https:\/\/fvalemannia08nied.de\/wp-content\/uploads\/2020\/12\/Peter-Frey-1.-Vorsitzender-219x300.jpg 219w\" sizes=\"(max-width: 640px) 100vw, 640px\" \/><\/a><\/figure>\n<\/div>\n<\/div>\n<\/div>\n<\/div>\n<\/div><\/div>\n\n\n\n<div class=\"wp-block-columns is-layout-flex wp-container-core-columns-is-layout-5 wp-block-columns-is-layout-flex\">\n<div class=\"wp-block-column is-layout-flow wp-block-column-is-layout-flow\" style=\"flex-basis:50%\">\n<p><strong>Kassierer<\/strong><br>Deniz Ayba\u015f<\/p>\n<\/div>\n\n\n\n<div class=\"wp-block-column is-layout-flow wp-block-column-is-layout-flow\" style=\"flex-basis:50%\">\n<figure class=\"wp-block-image size-large is-resized\"><a href=\"https:\/\/fvalemannia08nied.de\/wp-content\/uploads\/2022\/10\/PXL_20220707_184218691.MP_-scaled-e1665746825373.jpg\"><img loading=\"lazy\" decoding=\"async\" width=\"701\" height=\"1024\" src=\"https:\/\/fvalemannia08nied.de\/wp-content\/uploads\/2022\/10\/PXL_20220707_184218691.MP_-scaled-e1665746825373-701x1024.jpg\" alt=\"\" class=\"wp-image-1646\" style=\"width:175px;height:256px\" srcset=\"https:\/\/fvalemannia08nied.de\/wp-content\/uploads\/2022\/10\/PXL_20220707_184218691.MP_-scaled-e1665746825373-701x1024.jpg 701w, https:\/\/fvalemannia08nied.de\/wp-content\/uploads\/2022\/10\/PXL_20220707_184218691.MP_-scaled-e1665746825373-205x300.jpg 205w, https:\/\/fvalemannia08nied.de\/wp-content\/uploads\/2022\/10\/PXL_20220707_184218691.MP_-scaled-e1665746825373-103x150.jpg 103w, https:\/\/fvalemannia08nied.de\/wp-content\/uploads\/2022\/10\/PXL_20220707_184218691.MP_-scaled-e1665746825373-768x1122.jpg 768w, https:\/\/fvalemannia08nied.de\/wp-content\/uploads\/2022\/10\/PXL_20220707_184218691.MP_-scaled-e1665746825373.jpg 819w\" sizes=\"(max-width: 701px) 100vw, 701px\" \/><\/a><\/figure>\n<\/div>\n<\/div>\n\n\n\n<div class=\"wp-block-columns is-layout-flex wp-container-core-columns-is-layout-6 wp-block-columns-is-layout-flex\">\n<div class=\"wp-block-column is-layout-flow wp-block-column-is-layout-flow\" style=\"flex-basis:50%\">\n<p><strong>Ehrenrats-Vorsitzender<\/strong><br>Gerhard Petschick<br><\/p>\n<\/div>\n\n\n\n<div class=\"wp-block-column is-layout-flow wp-block-column-is-layout-flow\" style=\"flex-basis:50%\">\n<figure class=\"wp-block-image size-large is-resized\"><a href=\"https:\/\/fvalemannia08nied.de\/wp-content\/uploads\/2020\/12\/Gerhard-Petschick-Ehrenrat.jpg\"><img loading=\"lazy\" decoding=\"async\" width=\"640\" height=\"875\" src=\"https:\/\/fvalemannia08nied.de\/wp-content\/uploads\/2020\/12\/Gerhard-Petschick-Ehrenrat.jpg\" alt=\"\" class=\"wp-image-276\" style=\"width:160px;height:219px\" srcset=\"https:\/\/fvalemannia08nied.de\/wp-content\/uploads\/2020\/12\/Gerhard-Petschick-Ehrenrat.jpg 640w, https:\/\/fvalemannia08nied.de\/wp-content\/uploads\/2020\/12\/Gerhard-Petschick-Ehrenrat-219x300.jpg 219w\" sizes=\"(max-width: 640px) 100vw, 640px\" \/><\/a><\/figure>\n<\/div>\n<\/div>\n\n\n\n<div class=\"wp-block-columns is-layout-flex wp-container-core-columns-is-layout-7 wp-block-columns-is-layout-flex\">\n<div class=\"wp-block-column is-layout-flow wp-block-column-is-layout-flow\" style=\"flex-basis:50%\">\n<p><strong>Spielausschuss-Vorsitzender<\/strong><br>Heinz-Joachim Gerstenberg<br>Mobil: 0157 56242703<\/p>\n<\/div>\n\n\n\n<div class=\"wp-block-column is-layout-flow wp-block-column-is-layout-flow\" style=\"flex-basis:50%\">\n<figure class=\"wp-block-image size-large is-resized\"><a href=\"https:\/\/fvalemannia08nied.de\/wp-content\/uploads\/2022\/06\/PXL_20220612_155844467-scaled-e1655123136235.jpg\"><img loading=\"lazy\" decoding=\"async\" width=\"688\" height=\"1024\" src=\"https:\/\/fvalemannia08nied.de\/wp-content\/uploads\/2022\/06\/PXL_20220612_155844467-scaled-e1655123136235-688x1024.jpg\" alt=\"\" class=\"wp-image-1408\" style=\"width:172px;height:256px\" srcset=\"https:\/\/fvalemannia08nied.de\/wp-content\/uploads\/2022\/06\/PXL_20220612_155844467-scaled-e1655123136235-688x1024.jpg 688w, https:\/\/fvalemannia08nied.de\/wp-content\/uploads\/2022\/06\/PXL_20220612_155844467-scaled-e1655123136235-202x300.jpg 202w, https:\/\/fvalemannia08nied.de\/wp-content\/uploads\/2022\/06\/PXL_20220612_155844467-scaled-e1655123136235-101x150.jpg 101w, https:\/\/fvalemannia08nied.de\/wp-content\/uploads\/2022\/06\/PXL_20220612_155844467-scaled-e1655123136235-768x1142.jpg 768w, https:\/\/fvalemannia08nied.de\/wp-content\/uploads\/2022\/06\/PXL_20220612_155844467-scaled-e1655123136235-1033x1536.jpg 1033w, https:\/\/fvalemannia08nied.de\/wp-content\/uploads\/2022\/06\/PXL_20220612_155844467-scaled-e1655123136235.jpg 1299w\" sizes=\"(max-width: 688px) 100vw, 688px\" \/><\/a><\/figure>\n<\/div>\n<\/div>\n\n\n\n<div class=\"wp-block-columns is-layout-flex wp-container-core-columns-is-layout-8 wp-block-columns-is-layout-flex\">\n<div class=\"wp-block-column is-layout-flow wp-block-column-is-layout-flow\" style=\"flex-basis:50%\">\n<p><strong>Sportlicher Leiter<\/strong><br>Wilfried Lampe<br>Mobil: 0160 90536724<\/p>\n<\/div>\n\n\n\n<div class=\"wp-block-column is-layout-flow wp-block-column-is-layout-flow\" style=\"flex-basis:50%\">\n<figure class=\"wp-block-image size-large is-resized\"><a href=\"https:\/\/fvalemannia08nied.de\/wp-content\/uploads\/2022\/06\/PXL_20220612_161629284.MP_-edited.jpg\"><img loading=\"lazy\" decoding=\"async\" width=\"1008\" height=\"1344\" src=\"https:\/\/fvalemannia08nied.de\/wp-content\/uploads\/2022\/06\/PXL_20220612_161629284.MP_-edited.jpg\" alt=\"\" class=\"wp-image-1413\" style=\"width:192px\" srcset=\"https:\/\/fvalemannia08nied.de\/wp-content\/uploads\/2022\/06\/PXL_20220612_161629284.MP_-edited.jpg 1008w, https:\/\/fvalemannia08nied.de\/wp-content\/uploads\/2022\/06\/PXL_20220612_161629284.MP_-edited-225x300.jpg 225w, https:\/\/fvalemannia08nied.de\/wp-content\/uploads\/2022\/06\/PXL_20220612_161629284.MP_-edited-768x1024.jpg 768w, https:\/\/fvalemannia08nied.de\/wp-content\/uploads\/2022\/06\/PXL_20220612_161629284.MP_-edited-113x150.jpg 113w\" sizes=\"(max-width: 1008px) 100vw, 1008px\" \/><\/a><\/figure>\n<\/div>\n<\/div>\n\n\n\n<div class=\"wp-block-columns is-layout-flex wp-container-core-columns-is-layout-10 wp-block-columns-is-layout-flex\">\n<div class=\"wp-block-column is-layout-flow wp-block-column-is-layout-flow\" style=\"flex-basis:100%\">\n<div class=\"wp-block-columns is-layout-flex wp-container-core-columns-is-layout-9 wp-block-columns-is-layout-flex\">\n<div class=\"wp-block-column is-layout-flow wp-block-column-is-layout-flow\">\n<p><strong>Jugendleiter<\/strong><br>Oliver Helpap<\/p>\n<\/div>\n\n\n\n<div class=\"wp-block-column is-layout-flow wp-block-column-is-layout-flow\">\n<figure class=\"wp-block-image size-large is-resized\"><a href=\"https:\/\/fvalemannia08nied.de\/wp-content\/uploads\/2022\/06\/PXL_20220612_155838287-scaled-e1655123470709.jpg\"><img loading=\"lazy\" decoding=\"async\" width=\"791\" height=\"1024\" src=\"https:\/\/fvalemannia08nied.de\/wp-content\/uploads\/2022\/06\/PXL_20220612_155838287-scaled-e1655123470709-791x1024.jpg\" alt=\"\" class=\"wp-image-1405\" style=\"width:198px;height:256px\" srcset=\"https:\/\/fvalemannia08nied.de\/wp-content\/uploads\/2022\/06\/PXL_20220612_155838287-scaled-e1655123470709-791x1024.jpg 791w, https:\/\/fvalemannia08nied.de\/wp-content\/uploads\/2022\/06\/PXL_20220612_155838287-scaled-e1655123470709-232x300.jpg 232w, https:\/\/fvalemannia08nied.de\/wp-content\/uploads\/2022\/06\/PXL_20220612_155838287-scaled-e1655123470709-116x150.jpg 116w, https:\/\/fvalemannia08nied.de\/wp-content\/uploads\/2022\/06\/PXL_20220612_155838287-scaled-e1655123470709-768x994.jpg 768w, https:\/\/fvalemannia08nied.de\/wp-content\/uploads\/2022\/06\/PXL_20220612_155838287-scaled-e1655123470709.jpg 915w\" sizes=\"(max-width: 791px) 100vw, 791px\" \/><\/a><\/figure>\n<\/div>\n<\/div>\n<\/div>\n<\/div>\n\n\n\n<div class=\"wp-block-columns is-layout-flex wp-container-core-columns-is-layout-11 wp-block-columns-is-layout-flex\">\n<div class=\"wp-block-column is-layout-flow wp-block-column-is-layout-flow\" style=\"flex-basis:50%\">\n<p><strong>Stv Jugendleiter<\/strong><br>Pascal Weerdenburg<\/p>\n<\/div>\n\n\n\n<div class=\"wp-block-column is-layout-flow wp-block-column-is-layout-flow\" style=\"flex-basis:50%\"><\/div>\n<\/div>\n\n\n\n<div class=\"wp-block-columns is-layout-flex wp-container-core-columns-is-layout-12 wp-block-columns-is-layout-flex\">\n<div class=\"wp-block-column is-layout-flow wp-block-column-is-layout-flow\" style=\"flex-basis:50%\">\n<p><strong>Schriftf\u00fchrer<\/strong><br>Andreas Welcher<\/p>\n<\/div>\n\n\n\n<div class=\"wp-block-column is-layout-flow wp-block-column-is-layout-flow\" style=\"flex-basis:50%\">\n<figure class=\"wp-block-image size-large is-resized\"><a href=\"https:\/\/fvalemannia08nied.de\/wp-content\/uploads\/2022\/06\/PXL_20220625_145613793-scaled-e1656389672866.jpg\"><img loading=\"lazy\" decoding=\"async\" width=\"916\" height=\"1024\" src=\"https:\/\/fvalemannia08nied.de\/wp-content\/uploads\/2022\/06\/PXL_20220625_145613793-scaled-e1656389672866-916x1024.jpg\" alt=\"\" class=\"wp-image-1439\" style=\"width:229px;height:256px\" srcset=\"https:\/\/fvalemannia08nied.de\/wp-content\/uploads\/2022\/06\/PXL_20220625_145613793-scaled-e1656389672866-916x1024.jpg 916w, https:\/\/fvalemannia08nied.de\/wp-content\/uploads\/2022\/06\/PXL_20220625_145613793-scaled-e1656389672866-268x300.jpg 268w, https:\/\/fvalemannia08nied.de\/wp-content\/uploads\/2022\/06\/PXL_20220625_145613793-scaled-e1656389672866-134x150.jpg 134w, https:\/\/fvalemannia08nied.de\/wp-content\/uploads\/2022\/06\/PXL_20220625_145613793-scaled-e1656389672866-768x859.jpg 768w, https:\/\/fvalemannia08nied.de\/wp-content\/uploads\/2022\/06\/PXL_20220625_145613793-scaled-e1656389672866.jpg 1305w\" sizes=\"(max-width: 916px) 100vw, 916px\" \/><\/a><\/figure>\n<\/div>\n<\/div>\n\n\n\n<div class=\"wp-block-columns is-layout-flex wp-container-core-columns-is-layout-13 wp-block-columns-is-layout-flex\">\n<div class=\"wp-block-column is-layout-flow wp-block-column-is-layout-flow\" style=\"flex-basis:50%\">\n<p><strong>SoMa-Leiter<\/strong><br>Martin Mohr<br>E-Mail: <a href=\"mailto:soma@fvalemannia08nied.de\">Martin Mohr<\/a><\/p>\n<\/div>\n\n\n\n<div class=\"wp-block-column is-layout-flow wp-block-column-is-layout-flow\" style=\"flex-basis:50%\">\n<figure class=\"wp-block-image size-large is-resized\"><a href=\"https:\/\/fvalemannia08nied.de\/wp-content\/uploads\/2022\/06\/PXL_20220612_155922884.MP_-scaled-e1655123311872.jpg\"><img loading=\"lazy\" decoding=\"async\" width=\"867\" height=\"1024\" src=\"https:\/\/fvalemannia08nied.de\/wp-content\/uploads\/2022\/06\/PXL_20220612_155922884.MP_-scaled-e1655123311872-867x1024.jpg\" alt=\"\" class=\"wp-image-1409\" style=\"width:217px;height:256px\" srcset=\"https:\/\/fvalemannia08nied.de\/wp-content\/uploads\/2022\/06\/PXL_20220612_155922884.MP_-scaled-e1655123311872-867x1024.jpg 867w, https:\/\/fvalemannia08nied.de\/wp-content\/uploads\/2022\/06\/PXL_20220612_155922884.MP_-scaled-e1655123311872-254x300.jpg 254w, https:\/\/fvalemannia08nied.de\/wp-content\/uploads\/2022\/06\/PXL_20220612_155922884.MP_-scaled-e1655123311872-127x150.jpg 127w, https:\/\/fvalemannia08nied.de\/wp-content\/uploads\/2022\/06\/PXL_20220612_155922884.MP_-scaled-e1655123311872-768x907.jpg 768w, https:\/\/fvalemannia08nied.de\/wp-content\/uploads\/2022\/06\/PXL_20220612_155922884.MP_-scaled-e1655123311872.jpg 1273w\" sizes=\"(max-width: 867px) 100vw, 867px\" \/><\/a><\/figure>\n<\/div>\n<\/div>\n\n\n\n<div class=\"wp-block-columns is-layout-flex wp-container-core-columns-is-layout-14 wp-block-columns-is-layout-flex\">\n<div class=\"wp-block-column is-layout-flow wp-block-column-is-layout-flow\" style=\"flex-basis:50%\">\n<p><strong>Platzwart<\/strong><br>Manfred Joch<\/p>\n<\/div>\n\n\n\n<div class=\"wp-block-column is-layout-flow wp-block-column-is-layout-flow\" style=\"flex-basis:50%\">\n<figure class=\"wp-block-image size-large is-resized\"><a href=\"https:\/\/fvalemannia08nied.de\/wp-content\/uploads\/2022\/06\/PXL_20220612_155842766-scaled-e1655123334130.jpg\"><img loading=\"lazy\" decoding=\"async\" width=\"886\" height=\"1024\" src=\"https:\/\/fvalemannia08nied.de\/wp-content\/uploads\/2022\/06\/PXL_20220612_155842766-scaled-e1655123334130-886x1024.jpg\" alt=\"\" class=\"wp-image-1407\" style=\"width:222px;height:256px\" srcset=\"https:\/\/fvalemannia08nied.de\/wp-content\/uploads\/2022\/06\/PXL_20220612_155842766-scaled-e1655123334130-886x1024.jpg 886w, https:\/\/fvalemannia08nied.de\/wp-content\/uploads\/2022\/06\/PXL_20220612_155842766-scaled-e1655123334130-260x300.jpg 260w, https:\/\/fvalemannia08nied.de\/wp-content\/uploads\/2022\/06\/PXL_20220612_155842766-scaled-e1655123334130-130x150.jpg 130w, https:\/\/fvalemannia08nied.de\/wp-content\/uploads\/2022\/06\/PXL_20220612_155842766-scaled-e1655123334130-768x887.jpg 768w, https:\/\/fvalemannia08nied.de\/wp-content\/uploads\/2022\/06\/PXL_20220612_155842766-scaled-e1655123334130.jpg 1152w\" sizes=\"(max-width: 886px) 100vw, 886px\" \/><\/a><\/figure>\n<\/div>\n<\/div>\n\n\n\n<p><\/p>\n","protected":false},"excerpt":{"rendered":"<p>1. VorsitzenderDieter Eichhorn 2. VorsitzenderLutz Haas Gesch\u00e4ftsf\u00fchrerPeter Frey KassiererDeniz Ayba\u015f Ehrenrats-VorsitzenderGerhard Petschick Spielausschuss-VorsitzenderHeinz-Joachim GerstenbergMobil: 0157 56242703 Sportlicher LeiterWilfried LampeMobil: 0160 90536724 JugendleiterOliver Helpap Stv JugendleiterPascal Weerdenburg Schriftf\u00fchrerAndreas Welcher SoMa-LeiterMartin MohrE-Mail: Martin Mohr PlatzwartManfred Joch<\/p>\n","protected":false},"author":1,"featured_media":0,"parent":2,"menu_order":2,"comment_status":"closed","ping_status":"closed","template":"","meta":{"footnotes":""},"_links":{"self":[{"href":"https:\/\/fvalemannia08nied.de\/index.php?rest_route=\/wp\/v2\/pages\/273"}],"collection":[{"href":"https:\/\/fvalemannia08nied.de\/index.php?rest_route=\/wp\/v2\/pages"}],"about":[{"href":"https:\/\/fvalemannia08nied.de\/index.php?rest_route=\/wp\/v2\/types\/page"}],"author":[{"embeddable":true,"href":"https:\/\/fvalemannia08nied.de\/index.php?rest_route=\/wp\/v2\/users\/1"}],"replies":[{"embeddable":true,"href":"https:\/\/fvalemannia08nied.de\/index.php?rest_route=%2Fwp%2Fv2%2Fcomments&post=273"}],"version-history":[{"count":16,"href":"https:\/\/fvalemannia08nied.de\/index.php?rest_route=\/wp\/v2\/pages\/273\/revisions"}],"predecessor-version":[{"id":2708,"href":"https:\/\/fvalemannia08nied.de\/index.php?rest_route=\/wp\/v2\/pages\/273\/revisions\/2708"}],"up":[{"embeddable":true,"href":"https:\/\/fvalemannia08nied.de\/index.php?rest_route=\/wp\/v2\/pages\/2"}],"wp:attachment":[{"href":"https:\/\/fvalemannia08nied.de\/index.php?rest_route=%2Fwp%2Fv2%2Fmedia&parent=273"}],"curies":[{"name":"wp","href":"https:\/\/api.w.org\/{rel}","templated":true}]}}